{"id":384,"date":"2026-03-11T12:17:59","date_gmt":"2026-03-11T12:17:59","guid":{"rendered":"https:\/\/ladosingenieria.com\/?page_id=384"},"modified":"2026-03-11T12:20:11","modified_gmt":"2026-03-11T12:20:11","slug":"proyecto","status":"publish","type":"page","link":"https:\/\/ladosingenieria.com\/?page_id=384","title":{"rendered":"Proyecto"},"content":{"rendered":"\t\t<div data-elementor-type=\"wp-page\" data-elementor-id=\"384\" class=\"elementor elementor-384\" data-elementor-post-type=\"page\">\n\t\t\t\t<div class=\"elementor-element elementor-element-489aa1b e-flex e-con-boxed e-con e-parent\" data-id=\"489aa1b\" data-element_type=\"container\" data-e-type=\"container\">\n\t\t\t\t\t<div class=\"e-con-inner\">\n\t\t<div class=\"elementor-element elementor-element-baef10a e-con-full e-flex e-con e-child\" data-id=\"baef10a\" data-element_type=\"container\" data-e-type=\"container\">\n\t\t\t\t<div class=\"elementor-element elementor-element-32caf81 elementor-widget elementor-widget-heading\" data-id=\"32caf81\" data-element_type=\"widget\" data-e-type=\"widget\" data-widget_type=\"heading.default\">\n\t\t\t\t\t<h2 class=\"elementor-heading-title elementor-size-default\">Proyectos<\/h2>\t\t\t\t<\/div>\n\t\t\t\t<\/div>\n\t\t\t\t\t<\/div>\n\t\t\t\t<\/div>\n\t\t<div class=\"elementor-element elementor-element-bc23474 e-flex e-con-boxed e-con e-parent\" data-id=\"bc23474\" data-element_type=\"container\" data-e-type=\"container\">\n\t\t\t\t\t<div class=\"e-con-inner\">\n\t\t\t\t<div class=\"elementor-element elementor-element-58cb51d elementor-widget elementor-widget-text-editor\" data-id=\"58cb51d\" data-element_type=\"widget\" data-e-type=\"widget\" data-widget_type=\"text-editor.default\">\n\t\t\t\t\t\t\t\t\t<p>Conozca algunos de los proyectos que reflejan nuestra experiencia en\u00a0 infraestructura civil, pavimentos de concreto, cimentaciones y geotecnia.<\/p>\t\t\t\t\t\t\t\t<\/div>\n\t\t\t\t\t<\/div>\n\t\t\t\t<\/div>\n\t\t<div class=\"elementor-element elementor-element-73044a1 e-flex e-con-boxed e-con e-parent\" data-id=\"73044a1\" data-element_type=\"container\" data-e-type=\"container\">\n\t\t\t\t\t<div class=\"e-con-inner\">\n\t\t<div class=\"elementor-element elementor-element-02d2d91 e-con-full e-flex e-con e-child\" data-id=\"02d2d91\" data-element_type=\"container\" data-e-type=\"container\">\n\t\t\t\t<div class=\"elementor-element elementor-element-6015e2d elementor-product-loop-item--align-center elementor-grid-mobile-1 elementor-grid-4 elementor-grid-tablet-3 elementor-products-grid elementor-wc-products elementor-widget elementor-widget-woocommerce-products\" data-id=\"6015e2d\" data-element_type=\"widget\" data-e-type=\"widget\" data-widget_type=\"woocommerce-products.default\">\n\t\t\t\t<div class=\"elementor-widget-container\">\n\t\t\t\t\t<div class=\"woocommerce columns-4 \"><ul class=\"products elementor-grid columns-4\">\n<li class=\"product type-product post-302 status-publish first instock product_cat-sin-categorizar has-post-thumbnail shipping-taxable product-type-simple\">\n\t<a href=\"https:\/\/ladosingenieria.com\/?product=pilotes-para-torres-de-metrocable-mejicanos-casco-historico\" class=\"woocommerce-LoopProduct-link woocommerce-loop-product__link\"><img fetchpriority=\"high\" decoding=\"async\" width=\"300\" height=\"300\" src=\"https:\/\/ladosingenieria.com\/wp-content\/uploads\/2026\/02\/2-2-300x300.webp\" class=\"attachment-woocommerce_thumbnail size-woocommerce_thumbnail\" alt=\"Fundaciones profundas para las torres del metro a\u00e9reo.\" srcset=\"https:\/\/ladosingenieria.com\/wp-content\/uploads\/2026\/02\/2-2-300x300.webp 300w, https:\/\/ladosingenieria.com\/wp-content\/uploads\/2026\/02\/2-2-150x150.webp 150w, https:\/\/ladosingenieria.com\/wp-content\/uploads\/2026\/02\/2-2-100x100.webp 100w\" sizes=\"(max-width: 300px) 100vw, 300px\" \/><h2 class=\"woocommerce-loop-product__title\">Fundaciones profundas para las torres del metro a\u00e9reo.<\/h2>\n<\/a><a href=\"https:\/\/ladosingenieria.com\/?product=pilotes-para-torres-de-metrocable-mejicanos-casco-historico\" aria-describedby=\"woocommerce_loop_add_to_cart_link_describedby_302\" data-quantity=\"1\" class=\"button product_type_simple\" data-product_id=\"302\" data-product_sku=\"\" aria-label=\"Lee m\u00e1s sobre &ldquo;Fundaciones profundas para las torres del metro a\u00e9reo.&rdquo;\" rel=\"nofollow\" data-success_message=\"\">Ver m\u00e1s<\/a>\t<span id=\"woocommerce_loop_add_to_cart_link_describedby_302\" class=\"screen-reader-text\">\n\t\t\t<\/span>\n<\/li>\n<li class=\"product type-product post-296 status-publish instock product_cat-sin-categorizar has-post-thumbnail shipping-taxable product-type-simple\">\n\t<a href=\"https:\/\/ladosingenieria.com\/?product=rehabilitacion-calle-interna-al-sur-de-bodegas-1-y-2-del-puerto-de-acajutla\" class=\"woocommerce-LoopProduct-link woocommerce-loop-product__link\"><img decoding=\"async\" width=\"300\" height=\"300\" src=\"https:\/\/ladosingenieria.com\/wp-content\/uploads\/2026\/02\/3-1-300x300.webp\" class=\"attachment-woocommerce_thumbnail size-woocommerce_thumbnail\" alt=\"Rehabilitaci\u00f3n de calle interna al sur de bodegas 1 y 2.\" srcset=\"https:\/\/ladosingenieria.com\/wp-content\/uploads\/2026\/02\/3-1-300x300.webp 300w, https:\/\/ladosingenieria.com\/wp-content\/uploads\/2026\/02\/3-1-150x150.webp 150w, https:\/\/ladosingenieria.com\/wp-content\/uploads\/2026\/02\/3-1-100x100.webp 100w\" sizes=\"(max-width: 300px) 100vw, 300px\" \/><h2 class=\"woocommerce-loop-product__title\">Rehabilitaci\u00f3n de calle interna al sur de bodegas 1 y 2.<\/h2>\n<\/a><a href=\"https:\/\/ladosingenieria.com\/?product=rehabilitacion-calle-interna-al-sur-de-bodegas-1-y-2-del-puerto-de-acajutla\" aria-describedby=\"woocommerce_loop_add_to_cart_link_describedby_296\" data-quantity=\"1\" class=\"button product_type_simple\" data-product_id=\"296\" data-product_sku=\"\" aria-label=\"Lee m\u00e1s sobre &ldquo;Rehabilitaci\u00f3n de calle interna al sur de bodegas 1 y 2.&rdquo;\" rel=\"nofollow\" data-success_message=\"\">Ver m\u00e1s<\/a>\t<span id=\"woocommerce_loop_add_to_cart_link_describedby_296\" class=\"screen-reader-text\">\n\t\t\t<\/span>\n<\/li>\n<li class=\"product type-product post-290 status-publish instock product_cat-sin-categorizar has-post-thumbnail shipping-taxable product-type-simple\">\n\t<a href=\"https:\/\/ladosingenieria.com\/?product=construccion-de-viviendas-unifamiliares-en-residencial-paseo-del-prado\" class=\"woocommerce-LoopProduct-link woocommerce-loop-product__link\"><img decoding=\"async\" width=\"300\" height=\"300\" src=\"https:\/\/ladosingenieria.com\/wp-content\/uploads\/2026\/02\/1-300x300.webp\" class=\"attachment-woocommerce_thumbnail size-woocommerce_thumbnail\" alt=\"Viviendas unifamiliares en residencial Paseo del Prado\" srcset=\"https:\/\/ladosingenieria.com\/wp-content\/uploads\/2026\/02\/1-300x300.webp 300w, https:\/\/ladosingenieria.com\/wp-content\/uploads\/2026\/02\/1-150x150.webp 150w, https:\/\/ladosingenieria.com\/wp-content\/uploads\/2026\/02\/1-100x100.webp 100w\" sizes=\"(max-width: 300px) 100vw, 300px\" \/><h2 class=\"woocommerce-loop-product__title\">Viviendas unifamiliares en residencial Paseo del Prado<\/h2>\n<\/a><a href=\"https:\/\/ladosingenieria.com\/?product=construccion-de-viviendas-unifamiliares-en-residencial-paseo-del-prado\" aria-describedby=\"woocommerce_loop_add_to_cart_link_describedby_290\" data-quantity=\"1\" class=\"button product_type_simple\" data-product_id=\"290\" data-product_sku=\"\" aria-label=\"Lee m\u00e1s sobre &ldquo;Viviendas unifamiliares en residencial Paseo del Prado&rdquo;\" rel=\"nofollow\" data-success_message=\"\">Ver m\u00e1s<\/a>\t<span id=\"woocommerce_loop_add_to_cart_link_describedby_290\" class=\"screen-reader-text\">\n\t\t\t<\/span>\n<\/li>\n<li class=\"product type-product post-286 status-publish last instock product_cat-sin-categorizar has-post-thumbnail shipping-taxable product-type-simple\">\n\t<a href=\"https:\/\/ladosingenieria.com\/?product=construccion-de-paredes-de-bloques-de-concreto-para-fachadas-de-torre-900\" class=\"woocommerce-LoopProduct-link woocommerce-loop-product__link\"><img loading=\"lazy\" decoding=\"async\" width=\"300\" height=\"300\" src=\"https:\/\/ladosingenieria.com\/wp-content\/uploads\/2026\/02\/WhatsApp-Image-2026-02-19-at-8.16.0-300x300.webp\" class=\"attachment-woocommerce_thumbnail size-woocommerce_thumbnail\" alt=\"Fachadas de Torre 900\" srcset=\"https:\/\/ladosingenieria.com\/wp-content\/uploads\/2026\/02\/WhatsApp-Image-2026-02-19-at-8.16.0-300x300.webp 300w, https:\/\/ladosingenieria.com\/wp-content\/uploads\/2026\/02\/WhatsApp-Image-2026-02-19-at-8.16.0-150x150.webp 150w, https:\/\/ladosingenieria.com\/wp-content\/uploads\/2026\/02\/WhatsApp-Image-2026-02-19-at-8.16.0-100x100.webp 100w\" sizes=\"(max-width: 300px) 100vw, 300px\" \/><h2 class=\"woocommerce-loop-product__title\">Fachadas de Torre 900<\/h2>\n<\/a><a href=\"https:\/\/ladosingenieria.com\/?product=construccion-de-paredes-de-bloques-de-concreto-para-fachadas-de-torre-900\" aria-describedby=\"woocommerce_loop_add_to_cart_link_describedby_286\" data-quantity=\"1\" class=\"button product_type_simple\" data-product_id=\"286\" data-product_sku=\"\" aria-label=\"Lee m\u00e1s sobre &ldquo;Fachadas de Torre 900&rdquo;\" rel=\"nofollow\" data-success_message=\"\">Ver m\u00e1s<\/a>\t<span id=\"woocommerce_loop_add_to_cart_link_describedby_286\" class=\"screen-reader-text\">\n\t\t\t<\/span>\n<\/li>\n<li class=\"product type-product post-285 status-publish first instock product_cat-sin-categorizar has-post-thumbnail shipping-taxable product-type-simple\">\n\t<a href=\"https:\/\/ladosingenieria.com\/?product=11-construccion-de-2-vigas-coronas-para-2-muros-de-pilotes-para-estabilizacion-de-deslizamiento-de-secciones-v1-240-m-x-120-m-y-v2-120-m-x-075-m-ambas-de-53\" class=\"woocommerce-LoopProduct-link woocommerce-loop-product__link\"><img loading=\"lazy\" decoding=\"async\" width=\"282\" height=\"300\" src=\"https:\/\/ladosingenieria.com\/wp-content\/uploads\/2026\/02\/unnamed-1-1-282x300.webp\" class=\"attachment-woocommerce_thumbnail size-woocommerce_thumbnail\" alt=\"Vigas Coronas para muro de pilotes\" \/><h2 class=\"woocommerce-loop-product__title\">Vigas Coronas para muro de pilotes<\/h2>\n<\/a><a href=\"https:\/\/ladosingenieria.com\/?product=11-construccion-de-2-vigas-coronas-para-2-muros-de-pilotes-para-estabilizacion-de-deslizamiento-de-secciones-v1-240-m-x-120-m-y-v2-120-m-x-075-m-ambas-de-53\" aria-describedby=\"woocommerce_loop_add_to_cart_link_describedby_285\" data-quantity=\"1\" class=\"button product_type_simple\" data-product_id=\"285\" data-product_sku=\"\" aria-label=\"Lee m\u00e1s sobre &ldquo;Vigas Coronas para muro de pilotes&rdquo;\" rel=\"nofollow\" data-success_message=\"\">Ver m\u00e1s<\/a>\t<span id=\"woocommerce_loop_add_to_cart_link_describedby_285\" class=\"screen-reader-text\">\n\t\t\t<\/span>\n<\/li>\n<li class=\"product type-product post-280 status-publish instock product_cat-sin-categorizar has-post-thumbnail shipping-taxable product-type-simple\">\n\t<a href=\"https:\/\/ladosingenieria.com\/?product=construccion-de-paredes-de-bloques-de-concreto-para-fachadas-de-condominio-altivo\" class=\"woocommerce-LoopProduct-link woocommerce-loop-product__link\"><img loading=\"lazy\" decoding=\"async\" width=\"300\" height=\"300\" src=\"https:\/\/ladosingenieria.com\/wp-content\/uploads\/2026\/02\/imagen-destacada-torre-altivo-300x300.webp\" class=\"attachment-woocommerce_thumbnail size-woocommerce_thumbnail\" alt=\"Fachadas en Condominio Altivo\" srcset=\"https:\/\/ladosingenieria.com\/wp-content\/uploads\/2026\/02\/imagen-destacada-torre-altivo-300x300.webp 300w, https:\/\/ladosingenieria.com\/wp-content\/uploads\/2026\/02\/imagen-destacada-torre-altivo-150x150.webp 150w, https:\/\/ladosingenieria.com\/wp-content\/uploads\/2026\/02\/imagen-destacada-torre-altivo-100x100.webp 100w\" sizes=\"(max-width: 300px) 100vw, 300px\" \/><h2 class=\"woocommerce-loop-product__title\">Fachadas en Condominio Altivo<\/h2>\n<\/a><a href=\"https:\/\/ladosingenieria.com\/?product=construccion-de-paredes-de-bloques-de-concreto-para-fachadas-de-condominio-altivo\" aria-describedby=\"woocommerce_loop_add_to_cart_link_describedby_280\" data-quantity=\"1\" class=\"button product_type_simple\" data-product_id=\"280\" data-product_sku=\"\" aria-label=\"Lee m\u00e1s sobre &ldquo;Fachadas en Condominio Altivo&rdquo;\" rel=\"nofollow\" data-success_message=\"\">Ver m\u00e1s<\/a>\t<span id=\"woocommerce_loop_add_to_cart_link_describedby_280\" class=\"screen-reader-text\">\n\t\t\t<\/span>\n<\/li>\n<li class=\"product type-product post-279 status-publish instock product_cat-sin-categorizar has-post-thumbnail shipping-taxable product-type-simple\">\n\t<a href=\"https:\/\/ladosingenieria.com\/?product=figurado-de-acero-para-losa-de-explanada-en-el-area-de-proyecto-reforzamiento-de-terminales-y-patio-apc-construccion-de-terminal-granelera-y-terminal-de-cruce\" class=\"woocommerce-LoopProduct-link woocommerce-loop-product__link\"><img loading=\"lazy\" decoding=\"async\" width=\"300\" height=\"300\" src=\"https:\/\/ladosingenieria.com\/wp-content\/uploads\/2026\/02\/WHATSA_2-300x300.jpe\" class=\"attachment-woocommerce_thumbnail size-woocommerce_thumbnail\" alt=\"Figurado de Acero para losa de explanada\" srcset=\"https:\/\/ladosingenieria.com\/wp-content\/uploads\/2026\/02\/WHATSA_2-300x300.jpe 300w, https:\/\/ladosingenieria.com\/wp-content\/uploads\/2026\/02\/WHATSA_2-150x150.jpe 150w, https:\/\/ladosingenieria.com\/wp-content\/uploads\/2026\/02\/WHATSA_2-100x100.jpe 100w\" sizes=\"(max-width: 300px) 100vw, 300px\" \/><h2 class=\"woocommerce-loop-product__title\">Figurado de Acero para losa de explanada<\/h2>\n<\/a><a href=\"https:\/\/ladosingenieria.com\/?product=figurado-de-acero-para-losa-de-explanada-en-el-area-de-proyecto-reforzamiento-de-terminales-y-patio-apc-construccion-de-terminal-granelera-y-terminal-de-cruce\" aria-describedby=\"woocommerce_loop_add_to_cart_link_describedby_279\" data-quantity=\"1\" class=\"button product_type_simple\" data-product_id=\"279\" data-product_sku=\"\" aria-label=\"Lee m\u00e1s sobre &ldquo;Figurado de Acero para losa de explanada&rdquo;\" rel=\"nofollow\" data-success_message=\"\">Ver m\u00e1s<\/a>\t<span id=\"woocommerce_loop_add_to_cart_link_describedby_279\" class=\"screen-reader-text\">\n\t\t\t<\/span>\n<\/li>\n<li class=\"product type-product post-274 status-publish last instock product_cat-sin-categorizar has-post-thumbnail shipping-taxable product-type-simple\">\n\t<a href=\"https:\/\/ladosingenieria.com\/?product=colocacion-de-acero-y-concreto-para-mmo-modulo-2-en-el-area-de-proyecto-reforzamiento-de-terminales-y-patio-apc-construccion\" class=\"woocommerce-LoopProduct-link woocommerce-loop-product__link\"><img loading=\"lazy\" decoding=\"async\" width=\"300\" height=\"300\" src=\"https:\/\/ladosingenieria.com\/wp-content\/uploads\/2026\/02\/muelle-2-corinto-300x300.webp\" class=\"attachment-woocommerce_thumbnail size-woocommerce_thumbnail\" alt=\"Colocaci\u00f3n de acero y concreto para MMP M\u00f3dulo 2\" srcset=\"https:\/\/ladosingenieria.com\/wp-content\/uploads\/2026\/02\/muelle-2-corinto-300x300.webp 300w, https:\/\/ladosingenieria.com\/wp-content\/uploads\/2026\/02\/muelle-2-corinto-150x150.webp 150w, https:\/\/ladosingenieria.com\/wp-content\/uploads\/2026\/02\/muelle-2-corinto-100x100.webp 100w\" sizes=\"(max-width: 300px) 100vw, 300px\" \/><h2 class=\"woocommerce-loop-product__title\">Colocaci\u00f3n de acero y concreto para MMP M\u00f3dulo 2<\/h2>\n<\/a><a href=\"https:\/\/ladosingenieria.com\/?product=colocacion-de-acero-y-concreto-para-mmo-modulo-2-en-el-area-de-proyecto-reforzamiento-de-terminales-y-patio-apc-construccion\" aria-describedby=\"woocommerce_loop_add_to_cart_link_describedby_274\" data-quantity=\"1\" class=\"button product_type_simple\" data-product_id=\"274\" data-product_sku=\"\" aria-label=\"Lee m\u00e1s sobre &ldquo;Colocaci\u00f3n de acero y concreto para MMP M\u00f3dulo 2&rdquo;\" rel=\"nofollow\" data-success_message=\"\">Ver m\u00e1s<\/a>\t<span id=\"woocommerce_loop_add_to_cart_link_describedby_274\" class=\"screen-reader-text\">\n\t\t\t<\/span>\n<\/li>\n<li class=\"product type-product post-266 status-publish first instock product_cat-sin-categorizar has-post-thumbnail shipping-taxable product-type-simple\">\n\t<a href=\"https:\/\/ladosingenieria.com\/?product=confeccion-armaduras-de-refuerzo-de-acero-para-fundaciones-profundas-de-estribo-1-puente-el-jicaro\" class=\"woocommerce-LoopProduct-link woocommerce-loop-product__link\"><img loading=\"lazy\" decoding=\"async\" width=\"300\" height=\"300\" src=\"https:\/\/ladosingenieria.com\/wp-content\/uploads\/2026\/02\/IMG-20221013-WA0037-300x300.webp\" class=\"attachment-woocommerce_thumbnail size-woocommerce_thumbnail\" alt=\"Confecci\u00f3n de armaduras de refuerzo de acero para pilotes\" srcset=\"https:\/\/ladosingenieria.com\/wp-content\/uploads\/2026\/02\/IMG-20221013-WA0037-300x300.webp 300w, https:\/\/ladosingenieria.com\/wp-content\/uploads\/2026\/02\/IMG-20221013-WA0037-150x150.webp 150w, https:\/\/ladosingenieria.com\/wp-content\/uploads\/2026\/02\/IMG-20221013-WA0037-100x100.webp 100w\" sizes=\"(max-width: 300px) 100vw, 300px\" \/><h2 class=\"woocommerce-loop-product__title\">Confecci\u00f3n de armaduras de refuerzo de acero para pilotes<\/h2>\n<\/a><a href=\"https:\/\/ladosingenieria.com\/?product=confeccion-armaduras-de-refuerzo-de-acero-para-fundaciones-profundas-de-estribo-1-puente-el-jicaro\" aria-describedby=\"woocommerce_loop_add_to_cart_link_describedby_266\" data-quantity=\"1\" class=\"button product_type_simple\" data-product_id=\"266\" data-product_sku=\"\" aria-label=\"Lee m\u00e1s sobre &ldquo;Confecci\u00f3n de armaduras de refuerzo de acero para pilotes&rdquo;\" rel=\"nofollow\" data-success_message=\"\">Ver m\u00e1s<\/a>\t<span id=\"woocommerce_loop_add_to_cart_link_describedby_266\" class=\"screen-reader-text\">\n\t\t\t<\/span>\n<\/li>\n<li class=\"product type-product post-260 status-publish instock product_cat-sin-categorizar has-post-thumbnail shipping-taxable product-type-simple\">\n\t<a href=\"https:\/\/ladosingenieria.com\/?product=confeccion-de-armaduras-de-rio-wawa-boon\" class=\"woocommerce-LoopProduct-link woocommerce-loop-product__link\"><img loading=\"lazy\" decoding=\"async\" width=\"300\" height=\"300\" src=\"https:\/\/ladosingenieria.com\/wp-content\/uploads\/2026\/02\/WhatsApp-Image-2026-02-19-at-8.27.09-AM-300x300.webp\" class=\"attachment-woocommerce_thumbnail size-woocommerce_thumbnail\" alt=\"Confecci\u00f3n de armaduras de refuerzo de acero para pilotes\" srcset=\"https:\/\/ladosingenieria.com\/wp-content\/uploads\/2026\/02\/WhatsApp-Image-2026-02-19-at-8.27.09-AM-300x300.webp 300w, https:\/\/ladosingenieria.com\/wp-content\/uploads\/2026\/02\/WhatsApp-Image-2026-02-19-at-8.27.09-AM-150x150.webp 150w, https:\/\/ladosingenieria.com\/wp-content\/uploads\/2026\/02\/WhatsApp-Image-2026-02-19-at-8.27.09-AM-100x100.webp 100w\" sizes=\"(max-width: 300px) 100vw, 300px\" \/><h2 class=\"woocommerce-loop-product__title\">Confecci\u00f3n de armaduras de refuerzo de acero para pilotes<\/h2>\n<\/a><a href=\"https:\/\/ladosingenieria.com\/?product=confeccion-de-armaduras-de-rio-wawa-boon\" aria-describedby=\"woocommerce_loop_add_to_cart_link_describedby_260\" data-quantity=\"1\" class=\"button product_type_simple\" data-product_id=\"260\" data-product_sku=\"\" aria-label=\"Lee m\u00e1s sobre &ldquo;Confecci\u00f3n de armaduras de refuerzo de acero para pilotes&rdquo;\" rel=\"nofollow\" data-success_message=\"\">Ver m\u00e1s<\/a>\t<span id=\"woocommerce_loop_add_to_cart_link_describedby_260\" class=\"screen-reader-text\">\n\t\t\t<\/span>\n<\/li>\n<li class=\"product type-product post-257 status-publish instock product_cat-sin-categorizar has-post-thumbnail shipping-taxable product-type-simple\">\n\t<a href=\"https:\/\/ladosingenieria.com\/?product=confeccion-de-23-ton-armaduras-de-refuerzo-de-acero-para-muro-milan-norte-sotanos-torre-aire\" class=\"woocommerce-LoopProduct-link woocommerce-loop-product__link\"><img loading=\"lazy\" decoding=\"async\" width=\"300\" height=\"300\" src=\"https:\/\/ladosingenieria.com\/wp-content\/uploads\/2026\/02\/IMG_20220123_141823-300x300.webp\" class=\"attachment-woocommerce_thumbnail size-woocommerce_thumbnail\" alt=\"Confecci\u00f3n de armadura de refuerzo de acero para muro Mil\u00e1n\" srcset=\"https:\/\/ladosingenieria.com\/wp-content\/uploads\/2026\/02\/IMG_20220123_141823-300x300.webp 300w, https:\/\/ladosingenieria.com\/wp-content\/uploads\/2026\/02\/IMG_20220123_141823-150x150.webp 150w, https:\/\/ladosingenieria.com\/wp-content\/uploads\/2026\/02\/IMG_20220123_141823-100x100.webp 100w\" sizes=\"(max-width: 300px) 100vw, 300px\" \/><h2 class=\"woocommerce-loop-product__title\">Confecci\u00f3n de armadura de refuerzo de acero para muro Mil\u00e1n<\/h2>\n<\/a><a href=\"https:\/\/ladosingenieria.com\/?product=confeccion-de-23-ton-armaduras-de-refuerzo-de-acero-para-muro-milan-norte-sotanos-torre-aire\" aria-describedby=\"woocommerce_loop_add_to_cart_link_describedby_257\" data-quantity=\"1\" class=\"button product_type_simple\" data-product_id=\"257\" data-product_sku=\"\" aria-label=\"Lee m\u00e1s sobre &ldquo;Confecci\u00f3n de armadura de refuerzo de acero para muro Mil\u00e1n&rdquo;\" rel=\"nofollow\" data-success_message=\"\">Ver m\u00e1s<\/a>\t<span id=\"woocommerce_loop_add_to_cart_link_describedby_257\" class=\"screen-reader-text\">\n\t\t\t<\/span>\n<\/li>\n<li class=\"product type-product post-252 status-publish last instock product_cat-sin-categorizar has-post-thumbnail shipping-taxable product-type-simple\">\n\t<a href=\"https:\/\/ladosingenieria.com\/?product=revestimiento-torre-paradisus\" class=\"woocommerce-LoopProduct-link woocommerce-loop-product__link\"><img loading=\"lazy\" decoding=\"async\" width=\"300\" height=\"300\" src=\"https:\/\/ladosingenieria.com\/wp-content\/uploads\/2026\/02\/Imagen-de-WhatsApp-2025-08-22-a-las-22.04.15_cf241395-300x300.webp\" class=\"attachment-woocommerce_thumbnail size-woocommerce_thumbnail\" alt=\"Revestimiento en Torre B Paradisus\" srcset=\"https:\/\/ladosingenieria.com\/wp-content\/uploads\/2026\/02\/Imagen-de-WhatsApp-2025-08-22-a-las-22.04.15_cf241395-300x300.webp 300w, https:\/\/ladosingenieria.com\/wp-content\/uploads\/2026\/02\/Imagen-de-WhatsApp-2025-08-22-a-las-22.04.15_cf241395-150x150.webp 150w, https:\/\/ladosingenieria.com\/wp-content\/uploads\/2026\/02\/Imagen-de-WhatsApp-2025-08-22-a-las-22.04.15_cf241395-100x100.webp 100w\" sizes=\"(max-width: 300px) 100vw, 300px\" \/><h2 class=\"woocommerce-loop-product__title\">Revestimiento en Torre B Paradisus<\/h2>\n<\/a><a href=\"https:\/\/ladosingenieria.com\/?product=revestimiento-torre-paradisus\" aria-describedby=\"woocommerce_loop_add_to_cart_link_describedby_252\" data-quantity=\"1\" class=\"button product_type_simple\" data-product_id=\"252\" data-product_sku=\"\" aria-label=\"Lee m\u00e1s sobre &ldquo;Revestimiento en Torre B Paradisus&rdquo;\" rel=\"nofollow\" data-success_message=\"\">Ver m\u00e1s<\/a>\t<span id=\"woocommerce_loop_add_to_cart_link_describedby_252\" class=\"screen-reader-text\">\n\t\t\t<\/span>\n<\/li>\n<li class=\"product type-product post-249 status-publish first instock product_cat-sin-categorizar has-post-thumbnail shipping-taxable product-type-simple\">\n\t<a href=\"https:\/\/ladosingenieria.com\/?product=paradisus-confeccion-de-armaduras\" class=\"woocommerce-LoopProduct-link woocommerce-loop-product__link\"><img loading=\"lazy\" decoding=\"async\" width=\"265\" height=\"198\" src=\"https:\/\/ladosingenieria.com\/wp-content\/uploads\/2026\/02\/Imagen1-1.webp\" class=\"attachment-woocommerce_thumbnail size-woocommerce_thumbnail\" alt=\"Confecci\u00f3n de armaduras de pilotes para torre B.\" \/><h2 class=\"woocommerce-loop-product__title\">Confecci\u00f3n de armaduras de pilotes para torre B.<\/h2>\n<\/a><a href=\"https:\/\/ladosingenieria.com\/?product=paradisus-confeccion-de-armaduras\" aria-describedby=\"woocommerce_loop_add_to_cart_link_describedby_249\" data-quantity=\"1\" class=\"button product_type_simple\" data-product_id=\"249\" data-product_sku=\"\" aria-label=\"Lee m\u00e1s sobre &ldquo;Confecci\u00f3n de armaduras de pilotes para torre B.&rdquo;\" rel=\"nofollow\" data-success_message=\"\">Ver m\u00e1s<\/a>\t<span id=\"woocommerce_loop_add_to_cart_link_describedby_249\" class=\"screen-reader-text\">\n\t\t\t<\/span>\n<\/li>\n<li class=\"product type-product post-243 status-publish instock product_cat-sin-categorizar has-post-thumbnail shipping-taxable product-type-simple\">\n\t<a href=\"https:\/\/ladosingenieria.com\/?product=paradisus-infra-y-super-estructura\" class=\"woocommerce-LoopProduct-link woocommerce-loop-product__link\"><img loading=\"lazy\" decoding=\"async\" width=\"300\" height=\"300\" src=\"https:\/\/ladosingenieria.com\/wp-content\/uploads\/2026\/02\/Imagen1-300x300.webp\" class=\"attachment-woocommerce_thumbnail size-woocommerce_thumbnail\" alt=\"Confeccion de acero de la infraestructura y superestructura para Torre B.\" srcset=\"https:\/\/ladosingenieria.com\/wp-content\/uploads\/2026\/02\/Imagen1-300x300.webp 300w, https:\/\/ladosingenieria.com\/wp-content\/uploads\/2026\/02\/Imagen1-150x150.webp 150w, https:\/\/ladosingenieria.com\/wp-content\/uploads\/2026\/02\/Imagen1-100x100.webp 100w\" sizes=\"(max-width: 300px) 100vw, 300px\" \/><h2 class=\"woocommerce-loop-product__title\">Confeccion de acero de la infraestructura y superestructura para Torre B.<\/h2>\n<\/a><a href=\"https:\/\/ladosingenieria.com\/?product=paradisus-infra-y-super-estructura\" aria-describedby=\"woocommerce_loop_add_to_cart_link_describedby_243\" data-quantity=\"1\" class=\"button product_type_simple\" data-product_id=\"243\" data-product_sku=\"\" aria-label=\"Lee m\u00e1s sobre &ldquo;Confeccion de acero de la infraestructura y superestructura para Torre B.&rdquo;\" rel=\"nofollow\" data-success_message=\"\">Ver m\u00e1s<\/a>\t<span id=\"woocommerce_loop_add_to_cart_link_describedby_243\" class=\"screen-reader-text\">\n\t\t\t<\/span>\n<\/li>\n<\/ul>\n<\/div>\t\t\t\t<\/div>\n\t\t\t\t<\/div>\n\t\t\t\t<\/div>\n\t\t\t\t\t<\/div>\n\t\t\t\t<\/div>\n\t\t\t\t<\/div>\n\t\t","protected":false},"excerpt":{"rendered":"<p>Proyectos Conozca algunos de los proyectos que reflejan nuestra experiencia en\u00a0 infraestructura civil, pavimentos de concreto, cimentaciones y geotecnia.<\/p>\n","protected":false},"author":1,"featured_media":0,"parent":0,"menu_order":0,"comment_status":"closed","ping_status":"closed","template":"","meta":{"footnotes":""},"class_list":["post-384","page","type-page","status-publish","hentry"],"_links":{"self":[{"href":"https:\/\/ladosingenieria.com\/index.php?rest_route=\/wp\/v2\/pages\/384","targetHints":{"allow":["GET"]}}],"collection":[{"href":"https:\/\/ladosingenieria.com\/index.php?rest_route=\/wp\/v2\/pages"}],"about":[{"href":"https:\/\/ladosingenieria.com\/index.php?rest_route=\/wp\/v2\/types\/page"}],"author":[{"embeddable":true,"href":"https:\/\/ladosingenieria.com\/index.php?rest_route=\/wp\/v2\/users\/1"}],"replies":[{"embeddable":true,"href":"https:\/\/ladosingenieria.com\/index.php?rest_route=%2Fwp%2Fv2%2Fcomments&post=384"}],"version-history":[{"count":5,"href":"https:\/\/ladosingenieria.com\/index.php?rest_route=\/wp\/v2\/pages\/384\/revisions"}],"predecessor-version":[{"id":394,"href":"https:\/\/ladosingenieria.com\/index.php?rest_route=\/wp\/v2\/pages\/384\/revisions\/394"}],"wp:attachment":[{"href":"https:\/\/ladosingenieria.com\/index.php?rest_route=%2Fwp%2Fv2%2Fmedia&parent=384"}],"curies":[{"name":"wp","href":"https:\/\/api.w.org\/{rel}","templated":true}]}}