{"id":302,"date":"2026-02-21T20:12:48","date_gmt":"2026-02-21T20:12:48","guid":{"rendered":"https:\/\/ladosingenieria.com\/?post_type=product&#038;p=302"},"modified":"2026-03-11T12:30:32","modified_gmt":"2026-03-11T12:30:32","slug":"pilotes-para-torres-de-metrocable-mejicanos-casco-historico","status":"publish","type":"product","link":"https:\/\/ladosingenieria.com\/?product=pilotes-para-torres-de-metrocable-mejicanos-casco-historico","title":{"rendered":"Fundaciones profundas para las torres del metro a\u00e9reo."},"content":{"rendered":"<p>Infraestructura de Transporte<br \/>\nEjecuci\u00f3n de pilotes para fundaciones de torres del metro a\u00e9reo tramo Mejicanos &#8211; Centro Hist\u00f3rico.<br \/>\nSan Salvador, El Salvador.<\/p>\n","protected":false},"excerpt":{"rendered":"<p>Infraestructura de Transporte Ejecuci\u00f3n de pilotes para fundaciones de torres del metro a\u00e9reo tramo Mejicanos &#8211; Centro Hist\u00f3rico. San Salvador, El Salvador.<\/p>\n","protected":false},"featured_media":304,"comment_status":"open","ping_status":"closed","template":"","meta":[],"product_brand":[],"product_cat":[19],"product_tag":[],"class_list":{"0":"post-302","1":"product","2":"type-product","3":"status-publish","4":"has-post-thumbnail","6":"product_cat-sin-categorizar","8":"first","9":"instock","10":"shipping-taxable","11":"product-type-simple"},"_links":{"self":[{"href":"https:\/\/ladosingenieria.com\/index.php?rest_route=\/wp\/v2\/product\/302","targetHints":{"allow":["GET"]}}],"collection":[{"href":"https:\/\/ladosingenieria.com\/index.php?rest_route=\/wp\/v2\/product"}],"about":[{"href":"https:\/\/ladosingenieria.com\/index.php?rest_route=\/wp\/v2\/types\/product"}],"replies":[{"embeddable":true,"href":"https:\/\/ladosingenieria.com\/index.php?rest_route=%2Fwp%2Fv2%2Fcomments&post=302"}],"wp:featuredmedia":[{"embeddable":true,"href":"https:\/\/ladosingenieria.com\/index.php?rest_route=\/wp\/v2\/media\/304"}],"wp:attachment":[{"href":"https:\/\/ladosingenieria.com\/index.php?rest_route=%2Fwp%2Fv2%2Fmedia&parent=302"}],"wp:term":[{"taxonomy":"product_brand","embeddable":true,"href":"https:\/\/ladosingenieria.com\/index.php?rest_route=%2Fwp%2Fv2%2Fproduct_brand&post=302"},{"taxonomy":"product_cat","embeddable":true,"href":"https:\/\/ladosingenieria.com\/index.php?rest_route=%2Fwp%2Fv2%2Fproduct_cat&post=302"},{"taxonomy":"product_tag","embeddable":true,"href":"https:\/\/ladosingenieria.com\/index.php?rest_route=%2Fwp%2Fv2%2Fproduct_tag&post=302"}],"curies":[{"name":"wp","href":"https:\/\/api.w.org\/{rel}","templated":true}]}}